{"id":187,"date":"2026-03-21T11:39:37","date_gmt":"2026-03-21T10:39:37","guid":{"rendered":"https:\/\/kwomanstyle.pl\/?post_type=product&#038;p=187"},"modified":"2026-04-07T16:10:08","modified_gmt":"2026-04-07T14:10:08","slug":"sesja-zdjeciowa-pakiet-15-zdjec","status":"publish","type":"product","link":"https:\/\/kwomanstyle.pl\/?product=sesja-zdjeciowa-pakiet-15-zdjec","title":{"rendered":"Sesja zdj\u0119ciowa &#8211; pakiet 15 zdj\u0119\u0107"},"content":{"rendered":"<p>Profesjonalna sesja zdj\u0119ciowa obejmuj\u0105ca 15 zdj\u0119\u0107 w stylu beauty\/fashion.<br \/>\nIdealna dla kobiet, kt\u00f3re chc\u0105 podkre\u015bli\u0107 swoj\u0105 kobieco\u015b\u0107 i stworzy\u0107 wyj\u0105tkowe portfolio.<br \/>\nSesja realizowana w studio z indywidualnym podej\u015bciem.<\/p>\n","protected":false},"excerpt":{"rendered":"<p>Profesjonalna sesja zdj\u0119ciowa obejmuj\u0105ca 15 zdj\u0119\u0107 w stylu beauty\/fashion. Idealna dla kobiet, kt\u00f3re chc\u0105 podkre\u015bli\u0107 swoj\u0105 kobieco\u015b\u0107 i stworzy\u0107 wyj\u0105tkowe [&hellip;]<\/p>\n","protected":false},"featured_media":54,"template":"","meta":{"site-sidebar-layout":"default","site-content-layout":"","ast-site-content-layout":"default","site-content-style":"default","site-sidebar-style":"default","ast-global-header-display":"","ast-banner-title-visibility":"","ast-main-header-display":"","ast-hfb-above-header-display":"","ast-hfb-below-header-display":"","ast-hfb-mobile-header-display":"","site-post-title":"","ast-breadcrumbs-content":"","ast-featured-img":"","footer-sml-layout":"","ast-disable-related-posts":"","theme-transparent-header-meta":"default","adv-header-id-meta":"","stick-header-meta":"","header-above-stick-meta":"","header-main-stick-meta":"","header-below-stick-meta":"","astra-migrate-meta-layouts":"set","ast-page-background-enabled":"default","ast-page-background-meta":{"desktop":{"background-color":"var(--ast-global-color-5)","background-image":"","background-repeat":"repeat","background-position":"center center","background-size":"auto","background-attachment":"scroll","background-type":"","background-media":"","overlay-type":"","overlay-color":"","overlay-opacity":"","overlay-gradient":""},"tablet":{"background-color":"","background-image":"","background-repeat":"repeat","background-position":"center center","background-size":"auto","background-attachment":"scroll","background-type":"","background-media":"","overlay-type":"","overlay-color":"","overlay-opacity":"","overlay-gradient":""},"mobile":{"background-color":"","background-image":"","background-repeat":"repeat","background-position":"center center","background-size":"auto","background-attachment":"scroll","background-type":"","background-media":"","overlay-type":"","overlay-color":"","overlay-opacity":"","overlay-gradient":""}},"ast-content-background-meta":{"desktop":{"background-color":"var(--ast-global-color-4)","background-image":"","background-repeat":"repeat","background-position":"center center","background-size":"auto","background-attachment":"scroll","background-type":"","background-media":"","overlay-type":"","overlay-color":"","overlay-opacity":"","overlay-gradient":""},"tablet":{"background-color":"var(--ast-global-color-4)","background-image":"","background-repeat":"repeat","background-position":"center center","background-size":"auto","background-attachment":"scroll","background-type":"","background-media":"","overlay-type":"","overlay-color":"","overlay-opacity":"","overlay-gradient":""},"mobile":{"background-color":"var(--ast-global-color-4)","background-image":"","background-repeat":"repeat","background-position":"center center","background-size":"auto","background-attachment":"scroll","background-type":"","background-media":"","overlay-type":"","overlay-color":"","overlay-opacity":"","overlay-gradient":""}}},"product_brand":[],"product_cat":[19],"product_tag":[],"class_list":{"0":"post-187","1":"product","2":"type-product","3":"status-publish","4":"has-post-thumbnail","6":"product_cat-pakiety","7":"desktop-align-left","8":"tablet-align-left","9":"mobile-align-left","11":"first","12":"instock","13":"virtual","14":"purchasable","15":"product-type-simple"},"_links":{"self":[{"href":"https:\/\/kwomanstyle.pl\/index.php?rest_route=\/wp\/v2\/product\/187","targetHints":{"allow":["GET"]}}],"collection":[{"href":"https:\/\/kwomanstyle.pl\/index.php?rest_route=\/wp\/v2\/product"}],"about":[{"href":"https:\/\/kwomanstyle.pl\/index.php?rest_route=\/wp\/v2\/types\/product"}],"wp:featuredmedia":[{"embeddable":true,"href":"https:\/\/kwomanstyle.pl\/index.php?rest_route=\/wp\/v2\/media\/54"}],"wp:attachment":[{"href":"https:\/\/kwomanstyle.pl\/index.php?rest_route=%2Fwp%2Fv2%2Fmedia&parent=187"}],"wp:term":[{"taxonomy":"product_brand","embeddable":true,"href":"https:\/\/kwomanstyle.pl\/index.php?rest_route=%2Fwp%2Fv2%2Fproduct_brand&post=187"},{"taxonomy":"product_cat","embeddable":true,"href":"https:\/\/kwomanstyle.pl\/index.php?rest_route=%2Fwp%2Fv2%2Fproduct_cat&post=187"},{"taxonomy":"product_tag","embeddable":true,"href":"https:\/\/kwomanstyle.pl\/index.php?rest_route=%2Fwp%2Fv2%2Fproduct_tag&post=187"}],"curies":[{"name":"wp","href":"https:\/\/api.w.org\/{rel}","templated":true}]}}